{"id":537,"date":"2022-07-27T14:10:16","date_gmt":"2022-07-27T12:10:16","guid":{"rendered":"https:\/\/wp21.landwirt.com\/tor-zaun\/?page_id=537"},"modified":"2022-10-11T09:17:39","modified_gmt":"2022-10-11T07:17:39","slug":"diplom","status":"publish","type":"page","link":"https:\/\/www.wingelhofer.at\/tor-zaun\/diplom\/","title":{"rendered":"Diplom"},"content":{"rendered":"<div class='flex_column av-82ox5-782564404c319532e6264487b2234471 av_one_full  avia-builder-el-0  avia-builder-el-no-sibling  first flex_column_div '   ><p>\n<style type=\"text\/css\" data-created_by=\"avia_inline_auto\" id=\"style-css-av-l63kec09-42bb9488031e82ce2036be7111c709d3\">\n#top .av-special-heading.av-l63kec09-42bb9488031e82ce2036be7111c709d3{\npadding-bottom:10px;\n}\nbody .av-special-heading.av-l63kec09-42bb9488031e82ce2036be7111c709d3 .av-special-heading-tag .heading-char{\nfont-size:25px;\n}\n.av-special-heading.av-l63kec09-42bb9488031e82ce2036be7111c709d3 .av-subheading{\nfont-size:15px;\n}\n<\/style>\n<div  class='av-special-heading av-l63kec09-42bb9488031e82ce2036be7111c709d3 av-special-heading-h1 blockquote modern-quote modern-centered  avia-builder-el-1  el_before_av_textblock  avia-builder-el-first '><h1 class='av-special-heading-tag'  itemprop=\"headline\"  >Diplom<\/h1><div class=\"special-heading-border\"><div class=\"special-heading-inner-border\"><\/div><\/div><\/div><br \/>\n<section  class='av_textblock_section av-13lmx9-0d671b7cb9c76e44da5060d949eff034'  itemscope=\"itemscope\" itemtype=\"https:\/\/schema.org\/CreativeWork\" ><div class='avia_textblock'  itemprop=\"text\" ><p style=\"text-align: center\">Als St\u00fctzpunkth\u00e4ndler von H\u00f6rmann garantieren wir Ihnen Top-Qualit\u00e4t in Beratung, Service, Montage und Verkauf sowie in Lagerung und Ersatzteilservice!<\/p>\n<\/div><\/section><br \/>\n\n<style type=\"text\/css\" data-created_by=\"avia_inline_auto\" id=\"style-css-av-4n2a5-6ac1aa7ef5462c8ff88b8db263e1096b\">\n.avia-image-container.av-4n2a5-6ac1aa7ef5462c8ff88b8db263e1096b .av-image-caption-overlay-center{\ncolor:#ffffff;\n}\n<\/style>\n<div  class='avia-image-container av-4n2a5-6ac1aa7ef5462c8ff88b8db263e1096b av-styling- avia-align-center  avia-builder-el-3  el_after_av_textblock  avia-builder-el-last '  itemprop=\"image\" itemscope=\"itemscope\" itemtype=\"https:\/\/schema.org\/ImageObject\" ><div class=\"avia-image-container-inner\"><div class=\"avia-image-overlay-wrap\"><img decoding=\"async\" class='wp-image-579 avia-img-lazy-loading-not-579 avia_image' src=\"https:\/\/www.wingelhofer.at\/tor-zaun\/wp-content\/uploads\/sites\/3\/2022\/07\/Haendlerdiplom_Hoermann_2022-728x1030.jpg\" alt='' title='Haendlerdiplom_Hoermann_2022'  height=\"1030\" width=\"728\"  itemprop=\"thumbnailUrl\" srcset=\"https:\/\/www.wingelhofer.at\/tor-zaun\/wp-content\/uploads\/sites\/3\/2022\/07\/Haendlerdiplom_Hoermann_2022-728x1030.jpg 728w, https:\/\/www.wingelhofer.at\/tor-zaun\/wp-content\/uploads\/sites\/3\/2022\/07\/Haendlerdiplom_Hoermann_2022-212x300.jpg 212w, https:\/\/www.wingelhofer.at\/tor-zaun\/wp-content\/uploads\/sites\/3\/2022\/07\/Haendlerdiplom_Hoermann_2022-768x1087.jpg 768w, https:\/\/www.wingelhofer.at\/tor-zaun\/wp-content\/uploads\/sites\/3\/2022\/07\/Haendlerdiplom_Hoermann_2022-498x705.jpg 498w, https:\/\/www.wingelhofer.at\/tor-zaun\/wp-content\/uploads\/sites\/3\/2022\/07\/Haendlerdiplom_Hoermann_2022.jpg 900w\" sizes=\"(max-width: 728px) 100vw, 728px\" \/><\/div><\/div><\/div><\/p><\/div>\n","protected":false},"excerpt":{"rendered":"","protected":false},"author":2,"featured_media":0,"parent":0,"menu_order":10,"comment_status":"closed","ping_status":"closed","template":"","meta":{"footnotes":""},"class_list":["post-537","page","type-page","status-publish","hentry"],"yoast_head":"<!-- This site is optimized with the Yoast SEO plugin v27.4 - https:\/\/yoast.com\/product\/yoast-seo-wordpress\/ -->\n<title>Diplom - Wingelhofer Tore, T\u00fcren, Z\u00e4une, Sonnenschutz<\/title>\n<meta name=\"robots\" content=\"index, follow, max-snippet:-1, max-image-preview:large, max-video-preview:-1\" \/>\n<link rel=\"canonical\" href=\"https:\/\/www.wingelhofer.at\/tor-zaun\/diplom\/\" \/>\n<meta property=\"og:locale\" content=\"de_DE\" \/>\n<meta property=\"og:type\" content=\"article\" \/>\n<meta property=\"og:title\" content=\"Diplom - Wingelhofer Tore, T\u00fcren, Z\u00e4une, Sonnenschutz\" \/>\n<meta property=\"og:url\" content=\"https:\/\/www.wingelhofer.at\/tor-zaun\/diplom\/\" \/>\n<meta property=\"og:site_name\" content=\"Wingelhofer Tore, T\u00fcren, Z\u00e4une, Sonnenschutz\" \/>\n<meta property=\"article:modified_time\" content=\"2022-10-11T07:17:39+00:00\" \/>\n<meta name=\"twitter:card\" content=\"summary_large_image\" \/>\n<meta name=\"twitter:label1\" content=\"Gesch\u00e4tzte Lesezeit\" \/>\n\t<meta name=\"twitter:data1\" content=\"1\u00a0Minute\" \/>\n<script type=\"application\/ld+json\" class=\"yoast-schema-graph\">{\"@context\":\"https:\\\/\\\/schema.org\",\"@graph\":[{\"@type\":\"WebPage\",\"@id\":\"https:\\\/\\\/www.wingelhofer.at\\\/tor-zaun\\\/diplom\\\/\",\"url\":\"https:\\\/\\\/www.wingelhofer.at\\\/tor-zaun\\\/diplom\\\/\",\"name\":\"Diplom - Wingelhofer Tore, T\u00fcren, Z\u00e4une, Sonnenschutz\",\"isPartOf\":{\"@id\":\"https:\\\/\\\/www.wingelhofer.at\\\/tor-zaun\\\/#website\"},\"datePublished\":\"2022-07-27T12:10:16+00:00\",\"dateModified\":\"2022-10-11T07:17:39+00:00\",\"breadcrumb\":{\"@id\":\"https:\\\/\\\/www.wingelhofer.at\\\/tor-zaun\\\/diplom\\\/#breadcrumb\"},\"inLanguage\":\"de\",\"potentialAction\":[{\"@type\":\"ReadAction\",\"target\":[\"https:\\\/\\\/www.wingelhofer.at\\\/tor-zaun\\\/diplom\\\/\"]}]},{\"@type\":\"BreadcrumbList\",\"@id\":\"https:\\\/\\\/www.wingelhofer.at\\\/tor-zaun\\\/diplom\\\/#breadcrumb\",\"itemListElement\":[{\"@type\":\"ListItem\",\"position\":1,\"name\":\"Startseite\",\"item\":\"https:\\\/\\\/www.wingelhofer.at\\\/tor-zaun\\\/tueren-tore-zaune-sonnenschutz\\\/\"},{\"@type\":\"ListItem\",\"position\":2,\"name\":\"Diplom\"}]},{\"@type\":\"WebSite\",\"@id\":\"https:\\\/\\\/www.wingelhofer.at\\\/tor-zaun\\\/#website\",\"url\":\"https:\\\/\\\/www.wingelhofer.at\\\/tor-zaun\\\/\",\"name\":\"Wingelhofer Tore, T\u00fcren, Z\u00e4une, Sonnenschutz\",\"description\":\"Eine weitere Wingelhofer & S\u00f6hne Websites Website\",\"potentialAction\":[{\"@type\":\"SearchAction\",\"target\":{\"@type\":\"EntryPoint\",\"urlTemplate\":\"https:\\\/\\\/www.wingelhofer.at\\\/tor-zaun\\\/?s={search_term_string}\"},\"query-input\":{\"@type\":\"PropertyValueSpecification\",\"valueRequired\":true,\"valueName\":\"search_term_string\"}}],\"inLanguage\":\"de\"}]}<\/script>\n<!-- \/ Yoast SEO plugin. -->","yoast_head_json":{"title":"Diplom - Wingelhofer Tore, T\u00fcren, Z\u00e4une, Sonnenschutz","robots":{"index":"index","follow":"follow","max-snippet":"max-snippet:-1","max-image-preview":"max-image-preview:large","max-video-preview":"max-video-preview:-1"},"canonical":"https:\/\/www.wingelhofer.at\/tor-zaun\/diplom\/","og_locale":"de_DE","og_type":"article","og_title":"Diplom - Wingelhofer Tore, T\u00fcren, Z\u00e4une, Sonnenschutz","og_url":"https:\/\/www.wingelhofer.at\/tor-zaun\/diplom\/","og_site_name":"Wingelhofer Tore, T\u00fcren, Z\u00e4une, Sonnenschutz","article_modified_time":"2022-10-11T07:17:39+00:00","twitter_card":"summary_large_image","twitter_misc":{"Gesch\u00e4tzte Lesezeit":"1\u00a0Minute"},"schema":{"@context":"https:\/\/schema.org","@graph":[{"@type":"WebPage","@id":"https:\/\/www.wingelhofer.at\/tor-zaun\/diplom\/","url":"https:\/\/www.wingelhofer.at\/tor-zaun\/diplom\/","name":"Diplom - Wingelhofer Tore, T\u00fcren, Z\u00e4une, Sonnenschutz","isPartOf":{"@id":"https:\/\/www.wingelhofer.at\/tor-zaun\/#website"},"datePublished":"2022-07-27T12:10:16+00:00","dateModified":"2022-10-11T07:17:39+00:00","breadcrumb":{"@id":"https:\/\/www.wingelhofer.at\/tor-zaun\/diplom\/#breadcrumb"},"inLanguage":"de","potentialAction":[{"@type":"ReadAction","target":["https:\/\/www.wingelhofer.at\/tor-zaun\/diplom\/"]}]},{"@type":"BreadcrumbList","@id":"https:\/\/www.wingelhofer.at\/tor-zaun\/diplom\/#breadcrumb","itemListElement":[{"@type":"ListItem","position":1,"name":"Startseite","item":"https:\/\/www.wingelhofer.at\/tor-zaun\/tueren-tore-zaune-sonnenschutz\/"},{"@type":"ListItem","position":2,"name":"Diplom"}]},{"@type":"WebSite","@id":"https:\/\/www.wingelhofer.at\/tor-zaun\/#website","url":"https:\/\/www.wingelhofer.at\/tor-zaun\/","name":"Wingelhofer Tore, T\u00fcren, Z\u00e4une, Sonnenschutz","description":"Eine weitere Wingelhofer & S\u00f6hne Websites Website","potentialAction":[{"@type":"SearchAction","target":{"@type":"EntryPoint","urlTemplate":"https:\/\/www.wingelhofer.at\/tor-zaun\/?s={search_term_string}"},"query-input":{"@type":"PropertyValueSpecification","valueRequired":true,"valueName":"search_term_string"}}],"inLanguage":"de"}]}},"_links":{"self":[{"href":"https:\/\/www.wingelhofer.at\/tor-zaun\/wp-json\/wp\/v2\/pages\/537","targetHints":{"allow":["GET"]}}],"collection":[{"href":"https:\/\/www.wingelhofer.at\/tor-zaun\/wp-json\/wp\/v2\/pages"}],"about":[{"href":"https:\/\/www.wingelhofer.at\/tor-zaun\/wp-json\/wp\/v2\/types\/page"}],"author":[{"embeddable":true,"href":"https:\/\/www.wingelhofer.at\/tor-zaun\/wp-json\/wp\/v2\/users\/2"}],"replies":[{"embeddable":true,"href":"https:\/\/www.wingelhofer.at\/tor-zaun\/wp-json\/wp\/v2\/comments?post=537"}],"version-history":[{"count":2,"href":"https:\/\/www.wingelhofer.at\/tor-zaun\/wp-json\/wp\/v2\/pages\/537\/revisions"}],"predecessor-version":[{"id":580,"href":"https:\/\/www.wingelhofer.at\/tor-zaun\/wp-json\/wp\/v2\/pages\/537\/revisions\/580"}],"wp:attachment":[{"href":"https:\/\/www.wingelhofer.at\/tor-zaun\/wp-json\/wp\/v2\/media?parent=537"}],"curies":[{"name":"wp","href":"https:\/\/api.w.org\/{rel}","templated":true}]}}